{"id":71,"date":"2016-11-18T15:01:26","date_gmt":"2016-11-18T14:01:26","guid":{"rendered":"https:\/\/www.braunschweig-entdecken.de\/?page_id=71"},"modified":"2016-11-19T18:37:47","modified_gmt":"2016-11-19T17:37:47","slug":"agb","status":"publish","type":"page","link":"https:\/\/www.braunschweig-entdecken.de\/?page_id=71","title":{"rendered":"AGB"},"content":{"rendered":"<h4 class=\"p1\" style=\"text-align: left;\"><span class=\"s1\"><b>Allgemeine Gesch\u00e4ftsbedingungen<\/b><\/span><\/h4>\n<p class=\"p3\"><span class=\"s2\"><b>Buchungsm\u00f6glichkeiten<br \/>\n<\/b><\/span><span class=\"s2\">F\u00fchrungen und Vortr\u00e4ge k\u00f6nnen direkt bei mir gebucht werden, in den betreffenden Museen, Ausstellungen oder \u00fcber andere Kooperationspartner und auch \u00fcber die TouristInfo*, Kleine Burg 14, 38100 Braunschweig, Tel: 0531 \u2013 470-20 40.<\/span><\/p>\n<p class=\"p3\"><span class=\"s2\"><b>Buchung<br \/>\n<\/b><\/span><span class=\"s2\">Eine Buchung kommt zustande, wenn zwischen mir und dem Kunden\/Gast Einigkeit \u00fcber das Thema, den Ort und den Termin besteht. In der Regel wird das Einvernehmen im E-Mail-Verkehr hergestellt und von mir best\u00e4tigt.<\/span><\/p>\n<p class=\"p3\"><span class=\"s2\"><b>Stornierungen<br \/>\n<\/b><\/span><span class=\"s2\">Werden F\u00fchrungen und\/oder Vortr\u00e4ge storniert, so ist das kostenfrei bis sieben Kalendertage vor dem Buchungstermin m\u00f6glich.<br \/>\n<\/span><span class=\"s2\">Stornierungen von Stadtf\u00fchrungen, in Museen, Ausstellungen, etc. innerhalb von 48 Stunden vor Buchungsbeginn werden mit einer Stornierungsgeb\u00fchr i. H. v. 50 % der Gesamtsumme in Rechnung gestellt, mindestens jedoch mit 50,&#8211; \u20ac berechnet.<br \/>\n<\/span><span class=\"s2\">Stornierungen von Buchungen und\/oder Vortr\u00e4gen innerhalb von 48 Stunden vor Buchungsbeginn werden mit 100 % der Gesamtsumme als Ausfallhonorar in Rechnung gestellt, mindestens jedoch 80,&#8211; \u20ac<br \/>\n<\/span><span class=\"s2\">Honorarzahlungen werden unmittelbar nach der F\u00fchrung in bar f\u00e4llig, wenn nichts anderes vereinbart wurde.<br \/>\n<\/span><span class=\"s2\">Sollten bereits gebuchte und bezahlte F\u00fchrungen und\/oder Vortr\u00e4ge meinerseits aus ausfallen m\u00fcssen (z. B. wegen Krankheit) und kein Ersatz-G\u00e4stef\u00fchrer die F\u00fchrung oder den Vortrag \u00fcbernehmen k\u00f6nnen, hat der Kunde die Wahl, die Buchung auf einen neuen Termin \u00fcbertragen zu k\u00f6nnen oder den gezahlten Betrag erstattet zu bekommen.<\/span><\/p>\n<p class=\"p3\"><span class=\"s2\"> Stand 10\/2015<\/span><\/p>\n<p class=\"p5\"><span class=\"s2\">*gilt ggf. nicht f\u00fcr Museen und Ausstellungen<\/span><\/p>\n","protected":false},"excerpt":{"rendered":"<p>Allgemeine Gesch\u00e4ftsbedingungen Buchungsm\u00f6glichkeiten F\u00fchrungen und Vortr\u00e4ge k\u00f6nnen direkt bei mir gebucht werden, in den betreffenden Museen, Ausstellungen oder \u00fcber andere Kooperationspartner und auch \u00fcber die TouristInfo*, Kleine Burg 14, 38100 Braunschweig, Tel: 0531 \u2013 470-20 40. Buchung Eine Buchung kommt &hellip; <a class=\"more-link\" href=\"https:\/\/www.braunschweig-entdecken.de\/?page_id=71\">Weiterlesen <span class=\"meta-nav\">&rarr;<\/span><\/a><\/p>\n","protected":false},"author":1,"featured_media":0,"parent":0,"menu_order":0,"comment_status":"closed","ping_status":"closed","template":"","meta":{"footnotes":""},"class_list":["post-71","page","type-page","status-publish","hentry"],"aioseo_notices":[],"_links":{"self":[{"href":"https:\/\/www.braunschweig-entdecken.de\/index.php?rest_route=\/wp\/v2\/pages\/71","targetHints":{"allow":["GET"]}}],"collection":[{"href":"https:\/\/www.braunschweig-entdecken.de\/index.php?rest_route=\/wp\/v2\/pages"}],"about":[{"href":"https:\/\/www.braunschweig-entdecken.de\/index.php?rest_route=\/wp\/v2\/types\/page"}],"author":[{"embeddable":true,"href":"https:\/\/www.braunschweig-entdecken.de\/index.php?rest_route=\/wp\/v2\/users\/1"}],"replies":[{"embeddable":true,"href":"https:\/\/www.braunschweig-entdecken.de\/index.php?rest_route=%2Fwp%2Fv2%2Fcomments&post=71"}],"version-history":[{"count":4,"href":"https:\/\/www.braunschweig-entdecken.de\/index.php?rest_route=\/wp\/v2\/pages\/71\/revisions"}],"predecessor-version":[{"id":245,"href":"https:\/\/www.braunschweig-entdecken.de\/index.php?rest_route=\/wp\/v2\/pages\/71\/revisions\/245"}],"wp:attachment":[{"href":"https:\/\/www.braunschweig-entdecken.de\/index.php?rest_route=%2Fwp%2Fv2%2Fmedia&parent=71"}],"curies":[{"name":"wp","href":"https:\/\/api.w.org\/{rel}","templated":true}]}}