{"id":73,"date":"2016-11-18T15:01:57","date_gmt":"2016-11-18T14:01:57","guid":{"rendered":"https:\/\/www.braunschweig-entdecken.de\/?page_id=73"},"modified":"2019-02-13T08:31:30","modified_gmt":"2019-02-13T07:31:30","slug":"herzlich-willkommen","status":"publish","type":"page","link":"https:\/\/www.braunschweig-entdecken.de\/","title":{"rendered":"Herzlich Willkommen"},"content":{"rendered":"<h4 class=\"p1\" style=\"text-align: left;\"><span class=\"s1\">Herzlich willkommen <\/span><span class=\"s1\">&#8230;<\/span><\/h4>\n<div id=\"attachment_7\" style=\"width: 310px\" class=\"wp-caption alignleft\"><a href=\"https:\/\/www.braunschweig-entdecken.de\/wp-content\/uploads\/2016\/11\/Mario Wenzel-Becker, (c) Braunschweig Stadtmarketing GmbH - Jessica Pose.JPG\"><img loading=\"lazy\" decoding=\"async\" aria-describedby=\"caption-attachment-7\" class=\"wp-image-7\" src=\"https:\/\/www.braunschweig-entdecken.de\/wp-content\/uploads\/2016\/11\/Mario Wenzel-Becker, (c) Braunschweig Stadtmarketing GmbH - Jessica Pose.JPG\" alt=\"Mario Wenzel-Becker, (c) Braunschweig Stadtmarketing GmbH\" width=\"300\" height=\"300\" \/><\/a><p id=\"caption-attachment-7\" class=\"wp-caption-text\">Mario Wenzel-Becker, Foto: Braunschweig Stadtmarketing GmbH<\/p><\/div>\n<p>&#8230; auf meiner Website, herzlich willkommen in Braunschweig \u2013 der gr\u00f6\u00dften Stadt zwischen Hannover und Berlin mit nahezu 1000-j\u00e4hriger Geschichte! Erleben Sie den Charme der gleicherma\u00dfen lebendigen, vielseitigen wie gr\u00fcnen \u201eL\u00f6wenstadt\u201c, die bereits in vielen Bereichen Weltgeschichte geschrieben hat.<\/p>\n<p>Wussten Sie z. B., dass Braunschweig \u2026<\/p>\n<p>\u2026 im 12. Jahrhundert bereits Hauptstadt s\u00e4chsischer Stammlande war, als das Heilige R\u00f6mische Reich deutscher Nation noch gar keine Hauptst\u00e4dte kannte?<br \/>\n\u2026 1528 Ort der ersten lutherischen Kirchenordnung war und seit 1568 Heimstatt des \u00e4ltesten evangelischen Predigerseminars Mittel-Europas ist?<br \/>\n\u2026 1691 das herzogliche Hof-Theater erstmals f\u00fcr alle zug\u00e4nglich machte, \u201edie sich anst\u00e4ndig kleiden k\u00f6nnen\u201c?<br \/>\n\u2026 seit 1745 Standort der \u00e4ltesten Technischen Universit\u00e4t Deutschlands ist?<br \/>\n\u2026 1754 mit der \u00d6ffnung des herzoglichen Kunst- und Naturalienkabinetts f\u00fcr die B\u00fcrger das erste Museum Europas schuf?<br \/>\n\u2026 1874 Geburtsst\u00e4tte des Fu\u00dfballsports in Kontinental-Europa war?<\/p>\n<p>Entdecken Sie diese und unz\u00e4hlige weitere spannende Stationen von Braunschweigs Geschichte nun auf sehr kurzweilige Weise. Tauchen Sie ein in die bewegende Historie einer eindrucksvollen Gro\u00dfstadt und begeben Sie sich mit mir auf eine unterhaltsame Zeitreise \u2013 im Rahmen einer G\u00e4ste- oder Stadtf\u00fchrung, eines Museumsbesuchs und einer Besichtigung historischer Geb\u00e4ude.<\/p>\n<p>Ich freue mich auf Sie!<br \/>\n<img loading=\"lazy\" decoding=\"async\" class=\"alignnone wp-image-64 size-full\" src=\"https:\/\/www.braunschweig-entdecken.de\/wp-content\/uploads\/2016\/11\/unterschrift_mwb-e1550043076308.png\" alt=\"unterschrift_mwb\" width=\"250\" height=\"86\" \/><\/p>\n","protected":false},"excerpt":{"rendered":"<p>Herzlich willkommen &#8230; &#8230; auf meiner Website, herzlich willkommen in Braunschweig \u2013 der gr\u00f6\u00dften Stadt zwischen Hannover und Berlin mit nahezu 1000-j\u00e4hriger Geschichte! Erleben Sie den Charme der gleicherma\u00dfen lebendigen, vielseitigen wie gr\u00fcnen \u201eL\u00f6wenstadt\u201c, die bereits in vielen Bereichen Weltgeschichte &hellip; <a class=\"more-link\" href=\"https:\/\/www.braunschweig-entdecken.de\/\">Weiterlesen <span class=\"meta-nav\">&rarr;<\/span><\/a><\/p>\n","protected":false},"author":1,"featured_media":0,"parent":0,"menu_order":0,"comment_status":"closed","ping_status":"closed","template":"","meta":{"footnotes":""},"class_list":["post-73","page","type-page","status-publish","hentry"],"aioseo_notices":[],"_links":{"self":[{"href":"https:\/\/www.braunschweig-entdecken.de\/index.php?rest_route=\/wp\/v2\/pages\/73","targetHints":{"allow":["GET"]}}],"collection":[{"href":"https:\/\/www.braunschweig-entdecken.de\/index.php?rest_route=\/wp\/v2\/pages"}],"about":[{"href":"https:\/\/www.braunschweig-entdecken.de\/index.php?rest_route=\/wp\/v2\/types\/page"}],"author":[{"embeddable":true,"href":"https:\/\/www.braunschweig-entdecken.de\/index.php?rest_route=\/wp\/v2\/users\/1"}],"replies":[{"embeddable":true,"href":"https:\/\/www.braunschweig-entdecken.de\/index.php?rest_route=%2Fwp%2Fv2%2Fcomments&post=73"}],"version-history":[{"count":16,"href":"https:\/\/www.braunschweig-entdecken.de\/index.php?rest_route=\/wp\/v2\/pages\/73\/revisions"}],"predecessor-version":[{"id":643,"href":"https:\/\/www.braunschweig-entdecken.de\/index.php?rest_route=\/wp\/v2\/pages\/73\/revisions\/643"}],"wp:attachment":[{"href":"https:\/\/www.braunschweig-entdecken.de\/index.php?rest_route=%2Fwp%2Fv2%2Fmedia&parent=73"}],"curies":[{"name":"wp","href":"https:\/\/api.w.org\/{rel}","templated":true}]}}